{"id":756,"date":"2016-04-01T08:56:12","date_gmt":"2016-04-01T07:56:12","guid":{"rendered":"http:\/\/www.alacarte-events.com\/ailleurs\/evenement\/?lang=en"},"modified":"2025-01-29T18:52:58","modified_gmt":"2025-01-29T17:52:58","slug":"events","status":"publish","type":"page","link":"https:\/\/www.alacarte-events.com\/en\/elsewhere\/events\/","title":{"rendered":"Events"},"content":{"rendered":"","protected":false},"excerpt":{"rendered":"","protected":false},"author":2,"featured_media":0,"parent":754,"menu_order":0,"comment_status":"closed","ping_status":"closed","template":"template-solution.php","meta":{"_acf_changed":false,"footnotes":""},"class_list":["post-756","page","type-page","status-publish","hentry"],"acf":[],"yoast_head":"<!-- This site is optimized with the Yoast SEO plugin v27.3 - https:\/\/yoast.com\/product\/yoast-seo-wordpress\/ -->\n<title>Agence \u00e9v\u00e9nementielle entreprise : s\u00e9minaire incentive \u00e9v\u00e9nement<\/title>\n<meta name=\"description\" content=\"Nous organisons vos \u00e9v\u00e9nements entreprise avec des prestations sur-mesure selon vos besoins pour des s\u00e9minaires, incentives et \u00e9v\u00e9nements \u00e0 votre image\" \/>\n<meta name=\"robots\" content=\"index, follow, max-snippet:-1, max-image-preview:large, max-video-preview:-1\" \/>\n<link rel=\"canonical\" href=\"https:\/\/www.alacarte-events.com\/en\/elsewhere\/events\/\" \/>\n<meta property=\"og:locale\" content=\"en_US\" \/>\n<meta property=\"og:type\" content=\"article\" \/>\n<meta property=\"og:title\" content=\"Agence \u00e9v\u00e9nementielle entreprise : s\u00e9minaire incentive \u00e9v\u00e9nement\" \/>\n<meta property=\"og:description\" content=\"Nous organisons vos \u00e9v\u00e9nements entreprise avec des prestations sur-mesure selon vos besoins pour des s\u00e9minaires, incentives et \u00e9v\u00e9nements \u00e0 votre image\" \/>\n<meta property=\"og:url\" content=\"https:\/\/www.alacarte-events.com\/en\/elsewhere\/events\/\" \/>\n<meta property=\"og:site_name\" content=\"A la Carte\" \/>\n<meta property=\"article:publisher\" content=\"https:\/\/www.facebook.com\/AlaCarteEventsNormandie\" \/>\n<meta property=\"article:modified_time\" content=\"2025-01-29T17:52:58+00:00\" \/>\n<meta property=\"og:image\" content=\"https:\/\/www.alacarte-events.com\/wp-content\/uploads\/2016\/09\/IMG-scaled.jpg\" \/>\n\t<meta property=\"og:image:width\" content=\"2560\" \/>\n\t<meta property=\"og:image:height\" content=\"1500\" \/>\n\t<meta property=\"og:image:type\" content=\"image\/jpeg\" \/>\n<meta name=\"twitter:card\" content=\"summary_large_image\" \/>\n<script type=\"application\/ld+json\" class=\"yoast-schema-graph\">{\"@context\":\"https:\\\/\\\/schema.org\",\"@graph\":[{\"@type\":\"WebPage\",\"@id\":\"https:\\\/\\\/www.alacarte-events.com\\\/en\\\/elsewhere\\\/events\\\/\",\"url\":\"https:\\\/\\\/www.alacarte-events.com\\\/en\\\/elsewhere\\\/events\\\/\",\"name\":\"Agence \u00e9v\u00e9nementielle entreprise : s\u00e9minaire incentive \u00e9v\u00e9nement\",\"isPartOf\":{\"@id\":\"https:\\\/\\\/www.alacarte-events.com\\\/en\\\/#website\"},\"datePublished\":\"2016-04-01T07:56:12+00:00\",\"dateModified\":\"2025-01-29T17:52:58+00:00\",\"description\":\"Nous organisons vos \u00e9v\u00e9nements entreprise avec des prestations sur-mesure selon vos besoins pour des s\u00e9minaires, incentives et \u00e9v\u00e9nements \u00e0 votre image\",\"breadcrumb\":{\"@id\":\"https:\\\/\\\/www.alacarte-events.com\\\/en\\\/elsewhere\\\/events\\\/#breadcrumb\"},\"inLanguage\":\"en-US\",\"potentialAction\":[{\"@type\":\"ReadAction\",\"target\":[\"https:\\\/\\\/www.alacarte-events.com\\\/en\\\/elsewhere\\\/events\\\/\"]}]},{\"@type\":\"BreadcrumbList\",\"@id\":\"https:\\\/\\\/www.alacarte-events.com\\\/en\\\/elsewhere\\\/events\\\/#breadcrumb\",\"itemListElement\":[{\"@type\":\"ListItem\",\"position\":1,\"name\":\"Accueil\",\"item\":\"https:\\\/\\\/www.alacarte-events.com\\\/en\\\/\"},{\"@type\":\"ListItem\",\"position\":2,\"name\":\"Elsewhere\",\"item\":\"https:\\\/\\\/www.alacarte-events.com\\\/en\\\/elsewhere\\\/\"},{\"@type\":\"ListItem\",\"position\":3,\"name\":\"Events\"}]},{\"@type\":\"WebSite\",\"@id\":\"https:\\\/\\\/www.alacarte-events.com\\\/en\\\/#website\",\"url\":\"https:\\\/\\\/www.alacarte-events.com\\\/en\\\/\",\"name\":\"A la Carte\",\"description\":\"\",\"potentialAction\":[{\"@type\":\"SearchAction\",\"target\":{\"@type\":\"EntryPoint\",\"urlTemplate\":\"https:\\\/\\\/www.alacarte-events.com\\\/en\\\/?s={search_term_string}\"},\"query-input\":{\"@type\":\"PropertyValueSpecification\",\"valueRequired\":true,\"valueName\":\"search_term_string\"}}],\"inLanguage\":\"en-US\"}]}<\/script>\n<!-- \/ Yoast SEO plugin. -->","yoast_head_json":{"title":"Agence \u00e9v\u00e9nementielle entreprise : s\u00e9minaire incentive \u00e9v\u00e9nement","description":"Nous organisons vos \u00e9v\u00e9nements entreprise avec des prestations sur-mesure selon vos besoins pour des s\u00e9minaires, incentives et \u00e9v\u00e9nements \u00e0 votre image","robots":{"index":"index","follow":"follow","max-snippet":"max-snippet:-1","max-image-preview":"max-image-preview:large","max-video-preview":"max-video-preview:-1"},"canonical":"https:\/\/www.alacarte-events.com\/en\/elsewhere\/events\/","og_locale":"en_US","og_type":"article","og_title":"Agence \u00e9v\u00e9nementielle entreprise : s\u00e9minaire incentive \u00e9v\u00e9nement","og_description":"Nous organisons vos \u00e9v\u00e9nements entreprise avec des prestations sur-mesure selon vos besoins pour des s\u00e9minaires, incentives et \u00e9v\u00e9nements \u00e0 votre image","og_url":"https:\/\/www.alacarte-events.com\/en\/elsewhere\/events\/","og_site_name":"A la Carte","article_publisher":"https:\/\/www.facebook.com\/AlaCarteEventsNormandie","article_modified_time":"2025-01-29T17:52:58+00:00","og_image":[{"width":2560,"height":1500,"url":"https:\/\/www.alacarte-events.com\/wp-content\/uploads\/2016\/09\/IMG-scaled.jpg","type":"image\/jpeg"}],"twitter_card":"summary_large_image","schema":{"@context":"https:\/\/schema.org","@graph":[{"@type":"WebPage","@id":"https:\/\/www.alacarte-events.com\/en\/elsewhere\/events\/","url":"https:\/\/www.alacarte-events.com\/en\/elsewhere\/events\/","name":"Agence \u00e9v\u00e9nementielle entreprise : s\u00e9minaire incentive \u00e9v\u00e9nement","isPartOf":{"@id":"https:\/\/www.alacarte-events.com\/en\/#website"},"datePublished":"2016-04-01T07:56:12+00:00","dateModified":"2025-01-29T17:52:58+00:00","description":"Nous organisons vos \u00e9v\u00e9nements entreprise avec des prestations sur-mesure selon vos besoins pour des s\u00e9minaires, incentives et \u00e9v\u00e9nements \u00e0 votre image","breadcrumb":{"@id":"https:\/\/www.alacarte-events.com\/en\/elsewhere\/events\/#breadcrumb"},"inLanguage":"en-US","potentialAction":[{"@type":"ReadAction","target":["https:\/\/www.alacarte-events.com\/en\/elsewhere\/events\/"]}]},{"@type":"BreadcrumbList","@id":"https:\/\/www.alacarte-events.com\/en\/elsewhere\/events\/#breadcrumb","itemListElement":[{"@type":"ListItem","position":1,"name":"Accueil","item":"https:\/\/www.alacarte-events.com\/en\/"},{"@type":"ListItem","position":2,"name":"Elsewhere","item":"https:\/\/www.alacarte-events.com\/en\/elsewhere\/"},{"@type":"ListItem","position":3,"name":"Events"}]},{"@type":"WebSite","@id":"https:\/\/www.alacarte-events.com\/en\/#website","url":"https:\/\/www.alacarte-events.com\/en\/","name":"A la Carte","description":"","potentialAction":[{"@type":"SearchAction","target":{"@type":"EntryPoint","urlTemplate":"https:\/\/www.alacarte-events.com\/en\/?s={search_term_string}"},"query-input":{"@type":"PropertyValueSpecification","valueRequired":true,"valueName":"search_term_string"}}],"inLanguage":"en-US"}]}},"_links":{"self":[{"href":"https:\/\/www.alacarte-events.com\/en\/wp-json\/wp\/v2\/pages\/756","targetHints":{"allow":["GET"]}}],"collection":[{"href":"https:\/\/www.alacarte-events.com\/en\/wp-json\/wp\/v2\/pages"}],"about":[{"href":"https:\/\/www.alacarte-events.com\/en\/wp-json\/wp\/v2\/types\/page"}],"author":[{"embeddable":true,"href":"https:\/\/www.alacarte-events.com\/en\/wp-json\/wp\/v2\/users\/2"}],"replies":[{"embeddable":true,"href":"https:\/\/www.alacarte-events.com\/en\/wp-json\/wp\/v2\/comments?post=756"}],"version-history":[{"count":8,"href":"https:\/\/www.alacarte-events.com\/en\/wp-json\/wp\/v2\/pages\/756\/revisions"}],"predecessor-version":[{"id":4309,"href":"https:\/\/www.alacarte-events.com\/en\/wp-json\/wp\/v2\/pages\/756\/revisions\/4309"}],"up":[{"embeddable":true,"href":"https:\/\/www.alacarte-events.com\/en\/wp-json\/wp\/v2\/pages\/754"}],"wp:attachment":[{"href":"https:\/\/www.alacarte-events.com\/en\/wp-json\/wp\/v2\/media?parent=756"}],"curies":[{"name":"wp","href":"https:\/\/api.w.org\/{rel}","templated":true}]}}