{"id":768,"date":"2015-12-07T16:07:52","date_gmt":"2015-12-07T15:07:52","guid":{"rendered":"http:\/\/www.alacarte-events.com\/stories\/?lang=en"},"modified":"2025-01-29T18:21:34","modified_gmt":"2025-01-29T17:21:34","slug":"stories","status":"publish","type":"page","link":"https:\/\/www.alacarte-events.com\/en\/stories\/","title":{"rendered":"Stories"},"content":{"rendered":"<p style=\"text-align: center;\"><strong>Nos \u00e9v\u00e9nements sont vos histoires. Les histoires sont faites pour \u00eatre partag\u00e9es.<\/strong><\/p>\n","protected":false},"excerpt":{"rendered":"<p>Nos \u00e9v\u00e9nements sont vos histoires. Les histoires sont faites pour \u00eatre partag\u00e9es.<\/p>\n","protected":false},"author":2,"featured_media":2965,"parent":0,"menu_order":0,"comment_status":"closed","ping_status":"closed","template":"template-stories.php","meta":{"_acf_changed":false,"footnotes":""},"class_list":["post-768","page","type-page","status-publish","has-post-thumbnail","hentry"],"acf":[],"yoast_head":"<!-- This site is optimized with the Yoast SEO plugin v27.3 - https:\/\/yoast.com\/product\/yoast-seo-wordpress\/ -->\n<title>Tailor-made corporate events Normandy Occitania<\/title>\n<meta name=\"description\" content=\"Through our stories, discover the stories behind the events organized by the companies that trust us to organize their events, from Normandy to Occitania and in other exceptional locations in France and abroad: seminars, incentives, tailor-made professional receptions...\" \/>\n<meta name=\"robots\" content=\"index, follow, max-snippet:-1, max-image-preview:large, max-video-preview:-1\" \/>\n<link rel=\"canonical\" href=\"https:\/\/www.alacarte-events.com\/en\/stories\/\" \/>\n<meta property=\"og:locale\" content=\"en_US\" \/>\n<meta property=\"og:type\" content=\"article\" \/>\n<meta property=\"og:title\" content=\"Tailor-made corporate events Normandy Occitania\" \/>\n<meta property=\"og:description\" content=\"Through our stories, discover the stories behind the events organized by the companies that trust us to organize their events, from Normandy to Occitania and in other exceptional locations in France and abroad: seminars, incentives, tailor-made professional receptions...\" \/>\n<meta property=\"og:url\" content=\"https:\/\/www.alacarte-events.com\/en\/stories\/\" \/>\n<meta property=\"og:site_name\" content=\"A la Carte\" \/>\n<meta property=\"article:publisher\" content=\"https:\/\/www.facebook.com\/AlaCarteEventsNormandie\" \/>\n<meta property=\"article:modified_time\" content=\"2025-01-29T17:21:34+00:00\" \/>\n<meta property=\"og:image\" content=\"https:\/\/www.alacarte-events.com\/wp-content\/uploads\/2016\/07\/DROMADAIRE-MONTE.jpg\" \/>\n\t<meta property=\"og:image:width\" content=\"1280\" \/>\n\t<meta property=\"og:image:height\" content=\"850\" \/>\n\t<meta property=\"og:image:type\" content=\"image\/jpeg\" \/>\n<meta name=\"twitter:card\" content=\"summary_large_image\" \/>\n<meta name=\"twitter:label1\" content=\"Est. reading time\" \/>\n\t<meta name=\"twitter:data1\" content=\"1 minute\" \/>\n<script type=\"application\/ld+json\" class=\"yoast-schema-graph\">{\"@context\":\"https:\\\/\\\/schema.org\",\"@graph\":[{\"@type\":\"WebPage\",\"@id\":\"https:\\\/\\\/www.alacarte-events.com\\\/en\\\/stories\\\/\",\"url\":\"https:\\\/\\\/www.alacarte-events.com\\\/en\\\/stories\\\/\",\"name\":\"Tailor-made corporate events Normandy Occitania\",\"isPartOf\":{\"@id\":\"https:\\\/\\\/www.alacarte-events.com\\\/en\\\/#website\"},\"primaryImageOfPage\":{\"@id\":\"https:\\\/\\\/www.alacarte-events.com\\\/en\\\/stories\\\/#primaryimage\"},\"image\":{\"@id\":\"https:\\\/\\\/www.alacarte-events.com\\\/en\\\/stories\\\/#primaryimage\"},\"thumbnailUrl\":\"https:\\\/\\\/www.alacarte-events.com\\\/wp-content\\\/uploads\\\/2016\\\/07\\\/DROMADAIRE-MONTE.jpg\",\"datePublished\":\"2015-12-07T15:07:52+00:00\",\"dateModified\":\"2025-01-29T17:21:34+00:00\",\"description\":\"Through our stories, discover the stories behind the events organized by the companies that trust us to organize their events, from Normandy to Occitania and in other exceptional locations in France and abroad: seminars, incentives, tailor-made professional receptions...\",\"breadcrumb\":{\"@id\":\"https:\\\/\\\/www.alacarte-events.com\\\/en\\\/stories\\\/#breadcrumb\"},\"inLanguage\":\"en-US\",\"potentialAction\":[{\"@type\":\"ReadAction\",\"target\":[\"https:\\\/\\\/www.alacarte-events.com\\\/en\\\/stories\\\/\"]}]},{\"@type\":\"ImageObject\",\"inLanguage\":\"en-US\",\"@id\":\"https:\\\/\\\/www.alacarte-events.com\\\/en\\\/stories\\\/#primaryimage\",\"url\":\"https:\\\/\\\/www.alacarte-events.com\\\/wp-content\\\/uploads\\\/2016\\\/07\\\/DROMADAIRE-MONTE.jpg\",\"contentUrl\":\"https:\\\/\\\/www.alacarte-events.com\\\/wp-content\\\/uploads\\\/2016\\\/07\\\/DROMADAIRE-MONTE.jpg\",\"width\":1280,\"height\":850},{\"@type\":\"BreadcrumbList\",\"@id\":\"https:\\\/\\\/www.alacarte-events.com\\\/en\\\/stories\\\/#breadcrumb\",\"itemListElement\":[{\"@type\":\"ListItem\",\"position\":1,\"name\":\"Accueil\",\"item\":\"https:\\\/\\\/www.alacarte-events.com\\\/en\\\/\"},{\"@type\":\"ListItem\",\"position\":2,\"name\":\"Stories\"}]},{\"@type\":\"WebSite\",\"@id\":\"https:\\\/\\\/www.alacarte-events.com\\\/en\\\/#website\",\"url\":\"https:\\\/\\\/www.alacarte-events.com\\\/en\\\/\",\"name\":\"A la Carte\",\"description\":\"\",\"potentialAction\":[{\"@type\":\"SearchAction\",\"target\":{\"@type\":\"EntryPoint\",\"urlTemplate\":\"https:\\\/\\\/www.alacarte-events.com\\\/en\\\/?s={search_term_string}\"},\"query-input\":{\"@type\":\"PropertyValueSpecification\",\"valueRequired\":true,\"valueName\":\"search_term_string\"}}],\"inLanguage\":\"en-US\"}]}<\/script>\n<!-- \/ Yoast SEO plugin. -->","yoast_head_json":{"title":"Tailor-made corporate events Normandy Occitania","description":"Through our stories, discover the stories behind the events organized by the companies that trust us to organize their events, from Normandy to Occitania and in other exceptional locations in France and abroad: seminars, incentives, tailor-made professional receptions...","robots":{"index":"index","follow":"follow","max-snippet":"max-snippet:-1","max-image-preview":"max-image-preview:large","max-video-preview":"max-video-preview:-1"},"canonical":"https:\/\/www.alacarte-events.com\/en\/stories\/","og_locale":"en_US","og_type":"article","og_title":"Tailor-made corporate events Normandy Occitania","og_description":"Through our stories, discover the stories behind the events organized by the companies that trust us to organize their events, from Normandy to Occitania and in other exceptional locations in France and abroad: seminars, incentives, tailor-made professional receptions...","og_url":"https:\/\/www.alacarte-events.com\/en\/stories\/","og_site_name":"A la Carte","article_publisher":"https:\/\/www.facebook.com\/AlaCarteEventsNormandie","article_modified_time":"2025-01-29T17:21:34+00:00","og_image":[{"width":1280,"height":850,"url":"https:\/\/www.alacarte-events.com\/wp-content\/uploads\/2016\/07\/DROMADAIRE-MONTE.jpg","type":"image\/jpeg"}],"twitter_card":"summary_large_image","twitter_misc":{"Est. reading time":"1 minute"},"schema":{"@context":"https:\/\/schema.org","@graph":[{"@type":"WebPage","@id":"https:\/\/www.alacarte-events.com\/en\/stories\/","url":"https:\/\/www.alacarte-events.com\/en\/stories\/","name":"Tailor-made corporate events Normandy Occitania","isPartOf":{"@id":"https:\/\/www.alacarte-events.com\/en\/#website"},"primaryImageOfPage":{"@id":"https:\/\/www.alacarte-events.com\/en\/stories\/#primaryimage"},"image":{"@id":"https:\/\/www.alacarte-events.com\/en\/stories\/#primaryimage"},"thumbnailUrl":"https:\/\/www.alacarte-events.com\/wp-content\/uploads\/2016\/07\/DROMADAIRE-MONTE.jpg","datePublished":"2015-12-07T15:07:52+00:00","dateModified":"2025-01-29T17:21:34+00:00","description":"Through our stories, discover the stories behind the events organized by the companies that trust us to organize their events, from Normandy to Occitania and in other exceptional locations in France and abroad: seminars, incentives, tailor-made professional receptions...","breadcrumb":{"@id":"https:\/\/www.alacarte-events.com\/en\/stories\/#breadcrumb"},"inLanguage":"en-US","potentialAction":[{"@type":"ReadAction","target":["https:\/\/www.alacarte-events.com\/en\/stories\/"]}]},{"@type":"ImageObject","inLanguage":"en-US","@id":"https:\/\/www.alacarte-events.com\/en\/stories\/#primaryimage","url":"https:\/\/www.alacarte-events.com\/wp-content\/uploads\/2016\/07\/DROMADAIRE-MONTE.jpg","contentUrl":"https:\/\/www.alacarte-events.com\/wp-content\/uploads\/2016\/07\/DROMADAIRE-MONTE.jpg","width":1280,"height":850},{"@type":"BreadcrumbList","@id":"https:\/\/www.alacarte-events.com\/en\/stories\/#breadcrumb","itemListElement":[{"@type":"ListItem","position":1,"name":"Accueil","item":"https:\/\/www.alacarte-events.com\/en\/"},{"@type":"ListItem","position":2,"name":"Stories"}]},{"@type":"WebSite","@id":"https:\/\/www.alacarte-events.com\/en\/#website","url":"https:\/\/www.alacarte-events.com\/en\/","name":"A la Carte","description":"","potentialAction":[{"@type":"SearchAction","target":{"@type":"EntryPoint","urlTemplate":"https:\/\/www.alacarte-events.com\/en\/?s={search_term_string}"},"query-input":{"@type":"PropertyValueSpecification","valueRequired":true,"valueName":"search_term_string"}}],"inLanguage":"en-US"}]}},"_links":{"self":[{"href":"https:\/\/www.alacarte-events.com\/en\/wp-json\/wp\/v2\/pages\/768","targetHints":{"allow":["GET"]}}],"collection":[{"href":"https:\/\/www.alacarte-events.com\/en\/wp-json\/wp\/v2\/pages"}],"about":[{"href":"https:\/\/www.alacarte-events.com\/en\/wp-json\/wp\/v2\/types\/page"}],"author":[{"embeddable":true,"href":"https:\/\/www.alacarte-events.com\/en\/wp-json\/wp\/v2\/users\/2"}],"replies":[{"embeddable":true,"href":"https:\/\/www.alacarte-events.com\/en\/wp-json\/wp\/v2\/comments?post=768"}],"version-history":[{"count":9,"href":"https:\/\/www.alacarte-events.com\/en\/wp-json\/wp\/v2\/pages\/768\/revisions"}],"predecessor-version":[{"id":4306,"href":"https:\/\/www.alacarte-events.com\/en\/wp-json\/wp\/v2\/pages\/768\/revisions\/4306"}],"wp:featuredmedia":[{"embeddable":true,"href":"https:\/\/www.alacarte-events.com\/en\/wp-json\/wp\/v2\/media\/2965"}],"wp:attachment":[{"href":"https:\/\/www.alacarte-events.com\/en\/wp-json\/wp\/v2\/media?parent=768"}],"curies":[{"name":"wp","href":"https:\/\/api.w.org\/{rel}","templated":true}]}}